{"id":30011853,"date":"2025-05-16T08:51:38","date_gmt":"2025-05-16T08:51:38","guid":{"rendered":"https:\/\/www.solidaykids.com\/magaza\/?product=alt-ust-takim-mavi-7-8-yas"},"modified":"2025-11-12T19:19:06","modified_gmt":"2025-11-12T19:19:06","slug":"muslim-kumas-etekli-takim","status":"publish","type":"product","link":"https:\/\/www.solidaykids.com\/magaza\/urun\/muslim-kumas-etekli-takim\/","title":{"rendered":"M\u00dcSL\u0130N KUMA\u015e ETEK VE G\u00d6MLEKL\u0130 TAKIM"},"content":{"rendered":"<p data-start=\"383\" data-end=\"482\">M\u00dcSL\u0130N KUMA\u015e ETEK VE G\u00d6MLEKL\u0130\u00a0 TAKIM<\/p>\n<p data-start=\"383\" data-end=\"482\"><strong data-start=\"155\" data-end=\"170\">Kuma\u015f T\u00fcr\u00fc:<\/strong><br \/>\n*M\u00fcslin Kuma\u015f<br \/>\n* Bel Kemerli<\/p>\n<p data-start=\"383\" data-end=\"482\"><strong data-start=\"383\" data-end=\"405\">Beden Se\u00e7enekleri:<\/strong><\/p>\n<p data-start=\"383\" data-end=\"482\">*4-5 Ya\u015f<br data-start=\"429\" data-end=\"432\" \/>* 5-6 Ya\u015f<br data-start=\"441\" data-end=\"444\" \/>* 7-8 Ya\u015f<br data-start=\"453\" data-end=\"456\" \/>* 9-10 Ya\u015f<br data-start=\"466\" data-end=\"469\" \/>* 11-12 Ya\u015f<\/p>\n<p data-start=\"383\" data-end=\"482\">*13-14 Ya\u015f<\/p>\n<p data-start=\"746\" data-end=\"841\"><strong data-start=\"746\" data-end=\"762\">Kalite Notu:<\/strong><br data-start=\"762\" data-end=\"765\" \/>\u2705 Soliday kalite g\u00fcvencesi<br data-start=\"791\" data-end=\"794\" \/>\u2705 \u00d6zenli paketleme<br data-start=\"812\" data-end=\"815\" \/>\u2705 Memnuniyet odakl\u0131 \u00fcretim<\/p>\n","protected":false},"excerpt":{"rendered":"<p>M\u00dcSL\u0130N KUMA\u015e ETEK VE G\u00d6MLEKL\u0130\u00a0 TAKIM Kuma\u015f T\u00fcr\u00fc: *M\u00fcslin Kuma\u015f * Bel Kemerli Beden Se\u00e7enekleri: *4-5 Ya\u015f* 5-6 Ya\u015f* 7-8 Ya\u015f* 9-10 Ya\u015f* 11-12 Ya\u015f *13-14 Ya\u015f Kalite Notu:\u2705 Soliday kalite g\u00fcvencesi\u2705 \u00d6zenli paketleme\u2705 Memnuniyet odakl\u0131 \u00fcretim<\/p>\n","protected":false},"featured_media":30012247,"comment_status":"open","ping_status":"closed","template":"","meta":[],"product_brand":[],"product_cat":[18,220,28,16,215],"product_tag":[],"class_list":{"0":"post-30011853","1":"product","2":"type-product","3":"status-publish","4":"has-post-thumbnail","6":"product_cat-kiz","7":"product_cat-kiz-cocuk-takimlar","8":"product_cat-takimlar","9":"product_cat-tum-urunler","10":"product_cat-yeni-sezon","12":"first","13":"instock","14":"taxable","15":"shipping-taxable","16":"purchasable","17":"product-type-variable"},"_links":{"self":[{"href":"https:\/\/www.solidaykids.com\/magaza\/wp-json\/wp\/v2\/product\/30011853","targetHints":{"allow":["GET"]}}],"collection":[{"href":"https:\/\/www.solidaykids.com\/magaza\/wp-json\/wp\/v2\/product"}],"about":[{"href":"https:\/\/www.solidaykids.com\/magaza\/wp-json\/wp\/v2\/types\/product"}],"replies":[{"embeddable":true,"href":"https:\/\/www.solidaykids.com\/magaza\/wp-json\/wp\/v2\/comments?post=30011853"}],"wp:featuredmedia":[{"embeddable":true,"href":"https:\/\/www.solidaykids.com\/magaza\/wp-json\/wp\/v2\/media\/30012247"}],"wp:attachment":[{"href":"https:\/\/www.solidaykids.com\/magaza\/wp-json\/wp\/v2\/media?parent=30011853"}],"wp:term":[{"taxonomy":"product_brand","embeddable":true,"href":"https:\/\/www.solidaykids.com\/magaza\/wp-json\/wp\/v2\/product_brand?post=30011853"},{"taxonomy":"product_cat","embeddable":true,"href":"https:\/\/www.solidaykids.com\/magaza\/wp-json\/wp\/v2\/product_cat?post=30011853"},{"taxonomy":"product_tag","embeddable":true,"href":"https:\/\/www.solidaykids.com\/magaza\/wp-json\/wp\/v2\/product_tag?post=30011853"}],"curies":[{"name":"wp","href":"https:\/\/api.w.org\/{rel}","templated":true}]}}