{"id":30012341,"date":"2025-10-01T20:32:51","date_gmt":"2025-10-01T20:32:51","guid":{"rendered":"https:\/\/www.solidaykids.com\/magaza\/?post_type=product&#038;p=30012341"},"modified":"2025-11-04T15:46:43","modified_gmt":"2025-11-04T15:46:43","slug":"cicek-aksesuar-nakisli-cimali-2-li-takim","status":"publish","type":"product","link":"https:\/\/www.solidaykids.com\/magaza\/urun\/cicek-aksesuar-nakisli-cimali-2-li-takim\/","title":{"rendered":"\u00c7\u0130\u00c7EK AKSESUAR NAKI\u015eLI \u00c7IMALI 2 L\u0130 TAKIM"},"content":{"rendered":"<p>\u00c7\u0130\u00c7EK AKSESUAR NAKI\u015eLI \u00c7IMALI 2 L\u0130 TAKIM<\/p>\n<p data-start=\"155\" data-end=\"259\"><strong data-start=\"155\" data-end=\"170\">Kuma\u015f T\u00fcr\u00fc:<\/strong><\/p>\n<p data-start=\"155\" data-end=\"259\">* 3 \u0130plik \u015eardonlu Kuma\u015f<\/p>\n<p data-start=\"155\" data-end=\"259\">*Bel Kemerli<\/p>\n<p data-start=\"383\" data-end=\"482\"><strong data-start=\"383\" data-end=\"405\">Beden Se\u00e7enekleri:<\/strong><\/p>\n<p data-start=\"383\" data-end=\"482\">*3-4 Ya\u015f<\/p>\n<p data-start=\"383\" data-end=\"482\">*4-5 Ya\u015f<\/p>\n<p data-start=\"383\" data-end=\"482\">*5-6 Ya\u015f<\/p>\n<p data-start=\"383\" data-end=\"482\">*7-8 Ya\u015f<\/p>\n<p data-start=\"383\" data-end=\"482\">*9-10 Ya\u015f<\/p>\n<p data-start=\"383\" data-end=\"482\">*11-12 Ya\u015f<\/p>\n<p data-start=\"746\" data-end=\"841\"><strong data-start=\"746\" data-end=\"762\">Kalite Notu:<\/strong><br data-start=\"762\" data-end=\"765\" \/>\u2705 Soliday kalite g\u00fcvencesi<br data-start=\"791\" data-end=\"794\" \/>\u2705 \u00d6zenli paketleme<br data-start=\"812\" data-end=\"815\" \/>\u2705 Memnuniyet odakl\u0131 \u00fcretim<\/p>\n","protected":false},"excerpt":{"rendered":"<p>\u00c7\u0130\u00c7EK AKSESUAR NAKI\u015eLI \u00c7IMALI 2 L\u0130 TAKIM Kuma\u015f T\u00fcr\u00fc: * 3 \u0130plik \u015eardonlu Kuma\u015f *Bel Kemerli Beden Se\u00e7enekleri: *3-4 Ya\u015f *4-5 Ya\u015f *5-6 Ya\u015f *7-8 Ya\u015f *9-10 Ya\u015f *11-12 Ya\u015f Kalite Notu:\u2705 Soliday kalite g\u00fcvencesi\u2705 \u00d6zenli paketleme\u2705 Memnuniyet odakl\u0131 \u00fcretim<\/p>\n","protected":false},"featured_media":30012344,"comment_status":"open","ping_status":"closed","template":"","meta":[],"product_brand":[],"product_cat":[199,18,217,16,215],"product_tag":[],"class_list":{"0":"post-30012341","1":"product","2":"type-product","3":"status-publish","4":"has-post-thumbnail","6":"product_cat-esofman-takimi","7":"product_cat-kiz","8":"product_cat-kiz-cocuk-esofman-takimlari","9":"product_cat-tum-urunler","10":"product_cat-yeni-sezon","12":"first","13":"instock","14":"taxable","15":"shipping-taxable","16":"purchasable","17":"product-type-variable"},"_links":{"self":[{"href":"https:\/\/www.solidaykids.com\/magaza\/wp-json\/wp\/v2\/product\/30012341","targetHints":{"allow":["GET"]}}],"collection":[{"href":"https:\/\/www.solidaykids.com\/magaza\/wp-json\/wp\/v2\/product"}],"about":[{"href":"https:\/\/www.solidaykids.com\/magaza\/wp-json\/wp\/v2\/types\/product"}],"replies":[{"embeddable":true,"href":"https:\/\/www.solidaykids.com\/magaza\/wp-json\/wp\/v2\/comments?post=30012341"}],"wp:featuredmedia":[{"embeddable":true,"href":"https:\/\/www.solidaykids.com\/magaza\/wp-json\/wp\/v2\/media\/30012344"}],"wp:attachment":[{"href":"https:\/\/www.solidaykids.com\/magaza\/wp-json\/wp\/v2\/media?parent=30012341"}],"wp:term":[{"taxonomy":"product_brand","embeddable":true,"href":"https:\/\/www.solidaykids.com\/magaza\/wp-json\/wp\/v2\/product_brand?post=30012341"},{"taxonomy":"product_cat","embeddable":true,"href":"https:\/\/www.solidaykids.com\/magaza\/wp-json\/wp\/v2\/product_cat?post=30012341"},{"taxonomy":"product_tag","embeddable":true,"href":"https:\/\/www.solidaykids.com\/magaza\/wp-json\/wp\/v2\/product_tag?post=30012341"}],"curies":[{"name":"wp","href":"https:\/\/api.w.org\/{rel}","templated":true}]}}